{"id":231,"date":"2026-04-14T13:53:55","date_gmt":"2026-04-14T12:53:55","guid":{"rendered":"https:\/\/noapg.fr\/?page_id=231"},"modified":"2026-04-16T11:06:45","modified_gmt":"2026-04-16T10:06:45","slug":"le-serveur-ntp","status":"publish","type":"page","link":"https:\/\/noapg.fr\/index.php\/le-serveur-ntp\/","title":{"rendered":"Le serveur NTP"},"content":{"rendered":"\n<p class=\"has-text-align-center\">J&rsquo;ai \u00e9galement install\u00e9 un serveur de temps (NTP) sur ce serveur, il tourne sous Chrony dans un LXC Proxmox et est accessible \u00e0 l&rsquo;adresse time.noapg.fr (disponible en IPv4 et en IPv6).<\/p>\n\n\n\n<p class=\"has-text-align-center\">Ce serveur participe \u00e9galement au projet <a href=\"https:\/\/www.ntppool.org\">NTP Pool project<\/a> en IPv4 et IPv6.<\/p>\n\n\n\n<p class=\"has-text-align-center\">Ce serveur est synchronis\u00e9 \u00e0 des serveurs externes, il n&rsquo;est pas (encore) en strate 1, les voici :<\/p>\n\n\n\n<p class=\"has-text-align-center\"><\/p>\n\n\n\n<p class=\"has-text-align-center\">ntp-p1.obspm.fr<br>ntp.metas.ch<br>ntp1.ptb.de<br>ntp.se<br>time.cloudflare.com<br>time.google.com<\/p>\n\n\n\n<p class=\"has-text-align-center\"><\/p>\n\n\n\n<p class=\"has-text-align-center\">Bien que j&rsquo;essaie de rendre ce serveur le plus disponible possible, il peut parfois subir des pannes, de la maintenance, d\u00e9connections etc&#8230; C&rsquo;est pour cela que je vous recommande de m\u00e9langer time.noapg.fr avec d&rsquo;autres serveurs dans vos configurations.<\/p>\n\n\n\n<p class=\"has-text-align-center\">Pour me signaler un probl\u00e8me ou me donner un conseil (panne, heure pas fiable etc.) Merci de m&rsquo;envoyer un E-Mail \u00e0 noa@noapg.fr.<\/p>\n\n\n\n<p class=\"has-text-align-center\"><\/p>\n\n\n\n<p><\/p>\n\n\n\n<p><\/p>\n\n\n\n<p class=\"has-text-align-center\">Informations suppl\u00e9mentaires :<\/p>\n\n\n\n<p class=\"has-text-align-center\">Lieu de  l&rsquo;h\u00e9bergement du serveur : Haute-Vienne (87), Nouvelle-Aquitaine, France<\/p>\n\n\n\n<p class=\"has-text-align-center\">Connexion Internet : Orange Fibre, Livebox 5<\/p>\n\n\n\n<p class=\"has-text-align-center\">OS : Alpine sur un LXC Proxmox<\/p>\n\n\n\n<p class=\"has-text-align-center\">Mat\u00e9riel : Fujitsu Esprimo P400, CPU Intel Core i5-2320, 16 Go de RAM (512 Mio, soit environ 536.8 Mo de RAM sont attribu\u00e9s au LXC qui g\u00e8re le serveur NTP)<\/p>\n\n\n\n<p class=\"has-text-align-center\">Ce serveur est auto-h\u00e9berg\u00e9.<\/p>\n\n\n\n<p><\/p>\n","protected":false},"excerpt":{"rendered":"<p>J&rsquo;ai \u00e9galement install\u00e9 un serveur de temps (NTP) sur ce serveur, il tourne sous Chrony dans un LXC Proxmox et est accessible \u00e0 l&rsquo;adresse time.noapg.fr (disponible en IPv4 et en IPv6). Ce serveur participe \u00e9galement au projet NTP Pool project en IPv4 et IPv6. Ce serveur est synchronis\u00e9 \u00e0 des serveurs externes, il n&rsquo;est pas [&hellip;]<\/p>\n","protected":false},"author":1,"featured_media":0,"parent":0,"menu_order":0,"comment_status":"closed","ping_status":"closed","template":"","meta":{"footnotes":""},"class_list":["post-231","page","type-page","status-publish","hentry"],"_links":{"self":[{"href":"https:\/\/noapg.fr\/index.php\/wp-json\/wp\/v2\/pages\/231","targetHints":{"allow":["GET"]}}],"collection":[{"href":"https:\/\/noapg.fr\/index.php\/wp-json\/wp\/v2\/pages"}],"about":[{"href":"https:\/\/noapg.fr\/index.php\/wp-json\/wp\/v2\/types\/page"}],"author":[{"embeddable":true,"href":"https:\/\/noapg.fr\/index.php\/wp-json\/wp\/v2\/users\/1"}],"replies":[{"embeddable":true,"href":"https:\/\/noapg.fr\/index.php\/wp-json\/wp\/v2\/comments?post=231"}],"version-history":[{"count":9,"href":"https:\/\/noapg.fr\/index.php\/wp-json\/wp\/v2\/pages\/231\/revisions"}],"predecessor-version":[{"id":246,"href":"https:\/\/noapg.fr\/index.php\/wp-json\/wp\/v2\/pages\/231\/revisions\/246"}],"wp:attachment":[{"href":"https:\/\/noapg.fr\/index.php\/wp-json\/wp\/v2\/media?parent=231"}],"curies":[{"name":"wp","href":"https:\/\/api.w.org\/{rel}","templated":true}]}}