{"id":165,"date":"2026-03-27T20:41:07","date_gmt":"2026-03-27T20:41:07","guid":{"rendered":"https:\/\/noapg.fr\/?page_id=165"},"modified":"2026-04-18T12:38:42","modified_gmt":"2026-04-18T11:38:42","slug":"accueil-noapg-fr","status":"publish","type":"page","link":"https:\/\/noapg.fr\/","title":{"rendered":"Accueil &#8211; noapg.fr"},"content":{"rendered":"\n<div class=\"wp-block-cover alignfull has-custom-content-position is-position-bottom-center\" style=\"margin-top:0;margin-bottom:0;padding-top:var(--wp--preset--spacing--50);padding-right:var(--wp--preset--spacing--50);padding-bottom:var(--wp--preset--spacing--50);padding-left:var(--wp--preset--spacing--50);min-height:510px;aspect-ratio:unset;\"><img loading=\"lazy\" decoding=\"async\" width=\"2560\" height=\"1447\" class=\"wp-block-cover__image-background wp-image-167 size-full\" alt=\"\" src=\"https:\/\/noapg.fr\/wp-content\/uploads\/2026\/03\/ciel_soleil_qui_se_couche-scaled.webp\" style=\"object-position:51% 72%\" data-object-fit=\"cover\" data-object-position=\"51% 72%\" srcset=\"https:\/\/noapg.fr\/wp-content\/uploads\/2026\/03\/ciel_soleil_qui_se_couche-scaled.webp 2560w, https:\/\/noapg.fr\/wp-content\/uploads\/2026\/03\/ciel_soleil_qui_se_couche-768x434.webp 768w, https:\/\/noapg.fr\/wp-content\/uploads\/2026\/03\/ciel_soleil_qui_se_couche-1536x868.webp 1536w, https:\/\/noapg.fr\/wp-content\/uploads\/2026\/03\/ciel_soleil_qui_se_couche-2048x1158.webp 2048w\" sizes=\"auto, (max-width: 2560px) 100vw, 2560px\" \/><span aria-hidden=\"true\" class=\"wp-block-cover__background has-background-dim-10 has-background-dim\"><\/span><div class=\"wp-block-cover__inner-container has-global-padding is-layout-constrained wp-container-core-cover-is-layout-d89aad35 wp-block-cover-is-layout-constrained\">\n<div class=\"wp-block-group alignwide has-global-padding is-content-justification-left is-layout-constrained wp-container-core-group-is-layout-12dd3699 wp-block-group-is-layout-constrained\">\n<h2 class=\"wp-block-heading has-text-align-left has-xx-large-font-size\">Noa &#8211; Photographie<\/h2>\n\n\n\n<p><\/p>\n\n\n\n<div class=\"wp-block-buttons is-content-justification-left is-layout-flex wp-container-core-buttons-is-layout-fc4fd283 wp-block-buttons-is-layout-flex\">\n<div class=\"wp-block-button\"><a class=\"wp-block-button__link wp-element-button\" href=\"https:\/\/noapg.fr\/index.php\/galerie\/\">Voir la galerie<\/a><\/div>\n\n\n\n<div class=\"wp-block-button\"><a class=\"wp-block-button__link wp-element-button\" href=\"https:\/\/videos.noapg.fr\/c\/noa\/videos\">Vid\u00e9os<\/a><\/div>\n\n\n\n<div class=\"wp-block-button\"><a class=\"wp-block-button__link wp-element-button\" href=\"https:\/\/noapg.fr\/index.php\/les-autres-projets\/\">Les autres projets<\/a><\/div>\n<\/div>\n<\/div>\n<\/div><\/div>\n\n\n\n<div class=\"wp-block-group alignfull is-style-section-5 has-global-padding is-layout-constrained wp-block-group-is-layout-constrained is-style-section-5--1\" style=\"margin-top:0;margin-bottom:0;padding-top:var(--wp--preset--spacing--50);padding-bottom:var(--wp--preset--spacing--50)\">\n<div class=\"wp-block-columns is-layout-flex wp-container-core-columns-is-layout-7ee84d44 wp-block-columns-is-layout-flex\">\n<div class=\"wp-block-column is-vertically-aligned-center is-layout-flow wp-block-column-is-layout-flow\" style=\"flex-basis:50%\">\n<div class=\"wp-block-group has-global-padding is-layout-constrained wp-block-group-is-layout-constrained\">\n<h2 class=\"wp-block-heading\">A propos du site<\/h2>\n\n\n\n<p class=\"has-medium-font-size\">Bienvenue sur mon site o\u00f9 je vous pr\u00e9senterai mes photos, il y aura surtout des paysages, des animaux, de l&rsquo;\u00e9lectronique mais aussi d&rsquo;autres choses.<\/p>\n<\/div>\n<\/div>\n\n\n\n<div class=\"wp-block-column is-vertically-aligned-center is-layout-flow wp-block-column-is-layout-flow\" style=\"flex-basis:50%\">\n<figure class=\"wp-block-gallery has-nested-images columns-default is-cropped wp-block-gallery-2 is-layout-flex wp-block-gallery-is-layout-flex\">\n<figure class=\"wp-block-image size-large\"><img loading=\"lazy\" decoding=\"async\" width=\"2300\" height=\"1724\" data-id=\"146\" src=\"https:\/\/noapg.fr\/wp-content\/uploads\/2026\/03\/photo_drone_paysage_page_d_accueil.webp\" alt=\"\" class=\"wp-image-146\" srcset=\"https:\/\/noapg.fr\/wp-content\/uploads\/2026\/03\/photo_drone_paysage_page_d_accueil.webp 2300w, https:\/\/noapg.fr\/wp-content\/uploads\/2026\/03\/photo_drone_paysage_page_d_accueil-768x576.webp 768w, https:\/\/noapg.fr\/wp-content\/uploads\/2026\/03\/photo_drone_paysage_page_d_accueil-1536x1151.webp 1536w, https:\/\/noapg.fr\/wp-content\/uploads\/2026\/03\/photo_drone_paysage_page_d_accueil-2048x1535.webp 2048w\" sizes=\"auto, (max-width: 2300px) 100vw, 2300px\" \/><\/figure>\n<\/figure>\n<\/div>\n<\/div>\n<\/div>\n\n\n\n<p><\/p>\n","protected":false},"excerpt":{"rendered":"<p>A propos du site Bienvenue sur mon site o\u00f9 je vous pr\u00e9senterai mes photos, il y aura surtout des paysages, des animaux, de l&rsquo;\u00e9lectronique mais aussi d&rsquo;autres choses.<\/p>\n","protected":false},"author":1,"featured_media":0,"parent":0,"menu_order":0,"comment_status":"closed","ping_status":"closed","template":"page-no-title","meta":{"footnotes":""},"class_list":["post-165","page","type-page","status-publish","hentry"],"_links":{"self":[{"href":"https:\/\/noapg.fr\/index.php\/wp-json\/wp\/v2\/pages\/165","targetHints":{"allow":["GET"]}}],"collection":[{"href":"https:\/\/noapg.fr\/index.php\/wp-json\/wp\/v2\/pages"}],"about":[{"href":"https:\/\/noapg.fr\/index.php\/wp-json\/wp\/v2\/types\/page"}],"author":[{"embeddable":true,"href":"https:\/\/noapg.fr\/index.php\/wp-json\/wp\/v2\/users\/1"}],"replies":[{"embeddable":true,"href":"https:\/\/noapg.fr\/index.php\/wp-json\/wp\/v2\/comments?post=165"}],"version-history":[{"count":10,"href":"https:\/\/noapg.fr\/index.php\/wp-json\/wp\/v2\/pages\/165\/revisions"}],"predecessor-version":[{"id":247,"href":"https:\/\/noapg.fr\/index.php\/wp-json\/wp\/v2\/pages\/165\/revisions\/247"}],"wp:attachment":[{"href":"https:\/\/noapg.fr\/index.php\/wp-json\/wp\/v2\/media?parent=165"}],"curies":[{"name":"wp","href":"https:\/\/api.w.org\/{rel}","templated":true}]}}